{"id":1302,"date":"2024-09-10T15:51:06","date_gmt":"2024-09-10T13:51:06","guid":{"rendered":"https:\/\/calpapiol.com\/?page_id=1302"},"modified":"2025-06-30T12:18:17","modified_gmt":"2025-06-30T11:18:17","slug":"das-nest-2","status":"publish","type":"page","link":"https:\/\/calpapiol.com\/de\/das-nest-2\/","title":{"rendered":"der Aufenthalt"},"content":{"rendered":"<div data-elementor-type=\"wp-page\" data-elementor-id=\"1302\" class=\"elementor elementor-1302\" data-elementor-post-type=\"page\">\n\t\t\t\t<div class=\"elementor-element elementor-element-9dfa425 e-flex e-con-boxed e-con e-parent\" data-id=\"9dfa425\" data-element_type=\"container\" data-settings=\"{&quot;background_background&quot;:&quot;slideshow&quot;,&quot;background_slideshow_gallery&quot;:[{&quot;id&quot;:2055,&quot;url&quot;:&quot;https:\\\/\\\/calpapiol.com\\\/wp-content\\\/uploads\\\/2024\\\/10\\\/allotjament.jpeg&quot;},{&quot;id&quot;:1938,&quot;url&quot;:&quot;https:\\\/\\\/calpapiol.com\\\/wp-content\\\/uploads\\\/2024\\\/09\\\/jardi_piscina.jpeg&quot;},{&quot;id&quot;:2079,&quot;url&quot;:&quot;https:\\\/\\\/calpapiol.com\\\/wp-content\\\/uploads\\\/2024\\\/10\\\/jardi_font_.jpeg&quot;},{&quot;id&quot;:2249,&quot;url&quot;:&quot;https:\\\/\\\/calpapiol.com\\\/wp-content\\\/uploads\\\/2024\\\/11\\\/Calpapiol1.jpeg&quot;},{&quot;id&quot;:2098,&quot;url&quot;:&quot;https:\\\/\\\/calpapiol.com\\\/wp-content\\\/uploads\\\/2024\\\/10\\\/entrada_allotjament-1.jpeg&quot;},{&quot;id&quot;:2081,&quot;url&quot;:&quot;https:\\\/\\\/calpapiol.com\\\/wp-content\\\/uploads\\\/2024\\\/10\\\/jardi_tumbona_piscina.jpeg&quot;},{&quot;id&quot;:2080,&quot;url&quot;:&quot;https:\\\/\\\/calpapiol.com\\\/wp-content\\\/uploads\\\/2024\\\/10\\\/jardi_nit_mbonic.jpeg&quot;},{&quot;id&quot;:2075,&quot;url&quot;:&quot;https:\\\/\\\/calpapiol.com\\\/wp-content\\\/uploads\\\/2024\\\/10\\\/fotocall1.jpeg&quot;},{&quot;id&quot;:1989,&quot;url&quot;:&quot;https:\\\/\\\/calpapiol.com\\\/wp-content\\\/uploads\\\/2024\\\/09\\\/foc.jpeg&quot;},{&quot;id&quot;:1994,&quot;url&quot;:&quot;https:\\\/\\\/calpapiol.com\\\/wp-content\\\/uploads\\\/2024\\\/09\\\/habitacio4.jpeg&quot;},{&quot;id&quot;:1978,&quot;url&quot;:&quot;https:\\\/\\\/calpapiol.com\\\/wp-content\\\/uploads\\\/2024\\\/09\\\/menjador4.jpeg&quot;}],&quot;background_slideshow_loop&quot;:&quot;yes&quot;,&quot;background_slideshow_slide_duration&quot;:5000,&quot;background_slideshow_slide_transition&quot;:&quot;fade&quot;,&quot;background_slideshow_transition_duration&quot;:500}\">\n\t\t\t\t\t<div class=\"e-con-inner\">\n\t\t\t\t\t<\/div>\n\t\t\t\t<\/div>\n\t\t<div class=\"elementor-element elementor-element-cb20211 e-flex e-con-boxed e-con e-parent\" data-id=\"cb20211\" data-element_type=\"container\">\n\t\t\t\t\t<div class=\"e-con-inner\">\n\t\t\t\t<div class=\"elementor-element elementor-element-03737a1 elementor-widget elementor-widget-text-editor\" data-id=\"03737a1\" data-element_type=\"widget\" data-widget_type=\"text-editor.default\">\n\t\t\t\t<div class=\"elementor-widget-container\">\n\t\t\t\t\t\t\t\t\t<p><span style=\"font-weight: 400;\">Im Cal Papiol haben Sie zwei M\u00f6glichkeiten f\u00fcr Ihren Aufenthalt:<\/span><\/p><p><span style=\"font-weight: 400;\"> LA CASETA und EL NIU, jeweils mit einer Kapazit\u00e4t f\u00fcr 4 Personen. Jede Unterkunft bietet Komfort, Privatsph\u00e4re und einen erholsamen Aufenthalt, um die Ruhe einer l\u00e4ndlichen Umgebung zu genie\u00dfen. <\/span><span style=\"font-weight: 400;\">Jedes Zimmer verf\u00fcgt \u00fcber einen eigenen Garten, eine Terrasse und einen Swimmingpool, um den G\u00e4sten absolute Privatsph\u00e4re zu garantieren.\u00a0<\/span><\/p><p><span style=\"font-weight: 400;\">Es gibt Gemeinschaftsr\u00e4ume, die Sie auch mit uns teilen: die Epoche, den Keller, den Sp\u00fclbereich, die Waschk\u00fcche, den Strand und das P\u00e9tanque.<\/span><\/p>\t\t\t\t\t\t\t\t<\/div>\n\t\t\t\t<\/div>\n\t\t\t\t\t<\/div>\n\t\t\t\t<\/div>\n\t\t<div class=\"elementor-element elementor-element-6feefe1 e-flex e-con-boxed e-con e-parent\" data-id=\"6feefe1\" data-element_type=\"container\">\n\t\t\t\t\t<div class=\"e-con-inner\">\n\t\t<div class=\"elementor-element elementor-element-f98be8b e-con-full e-flex e-con e-child\" data-id=\"f98be8b\" data-element_type=\"container\">\n\t\t\t\t<div class=\"elementor-element elementor-element-96a31ec elementor-position-top elementor-widget elementor-widget-image-box\" data-id=\"96a31ec\" data-element_type=\"widget\" data-widget_type=\"image-box.default\">\n\t\t\t\t<div class=\"elementor-widget-container\">\n\t\t\t\t\t<div class=\"elementor-image-box-wrapper\"><figure class=\"elementor-image-box-img\"><img fetchpriority=\"high\" decoding=\"async\" width=\"1600\" height=\"1200\" src=\"https:\/\/calpapiol.com\/wp-content\/uploads\/2024\/09\/habitacionova2.jpeg\" class=\"attachment-full size-full wp-image-1996\" alt=\"\" title=\"\" srcset=\"https:\/\/calpapiol.com\/wp-content\/uploads\/2024\/09\/habitacionova2.jpeg 1600w, https:\/\/calpapiol.com\/wp-content\/uploads\/2024\/09\/habitacionova2-300x225.jpeg 300w, https:\/\/calpapiol.com\/wp-content\/uploads\/2024\/09\/habitacionova2-1024x768.jpeg 1024w, https:\/\/calpapiol.com\/wp-content\/uploads\/2024\/09\/habitacionova2-768x576.jpeg 768w, https:\/\/calpapiol.com\/wp-content\/uploads\/2024\/09\/habitacionova2-1536x1152.jpeg 1536w, https:\/\/calpapiol.com\/wp-content\/uploads\/2024\/09\/habitacionova2-16x12.jpeg 16w\" sizes=\"(max-width: 1600px) 100vw, 1600px\" \/><\/figure><div class=\"elementor-image-box-content\"><h3 class=\"elementor-image-box-title\">La Caseta<\/h3><p class=\"elementor-image-box-description\">Unabh\u00e4ngige Wohnung von 80 m\u00b2, davon 20 m\u00b2 Terrasse, alle auf einer Etage, Blick auf den Pool und den Garten.<\/p><\/div><\/div>\t\t\t\t<\/div>\n\t\t\t\t<\/div>\n\t\t\t\t<div class=\"elementor-element elementor-element-66d3cd2 elementor-align-center elementor-widget__width-auto elementor-widget elementor-widget-button\" data-id=\"66d3cd2\" data-element_type=\"widget\" data-widget_type=\"button.default\">\n\t\t\t\t<div class=\"elementor-widget-container\">\n\t\t\t\t\t\t\t\t\t<div class=\"elementor-button-wrapper\">\n\t\t\t\t\t<a class=\"elementor-button elementor-button-link elementor-size-sm\" href=\"https:\/\/calpapiol.com\/de\/das-kleine-haus\/\">\n\t\t\t\t\t\t<span class=\"elementor-button-content-wrapper\">\n\t\t\t\t\t\t\t\t\t<span class=\"elementor-button-text\">RESERVIEREN<\/span>\n\t\t\t\t\t<\/span>\n\t\t\t\t\t<\/a>\n\t\t\t\t<\/div>\n\t\t\t\t\t\t\t\t<\/div>\n\t\t\t\t<\/div>\n\t\t\t\t<\/div>\n\t\t<div class=\"elementor-element elementor-element-1d59f1a e-con-full e-flex e-con e-child\" data-id=\"1d59f1a\" data-element_type=\"container\">\n\t\t\t\t<div class=\"elementor-element elementor-element-bc1a582 elementor-position-top elementor-widget elementor-widget-image-box\" data-id=\"bc1a582\" data-element_type=\"widget\" data-widget_type=\"image-box.default\">\n\t\t\t\t<div class=\"elementor-widget-container\">\n\t\t\t\t\t<div class=\"elementor-image-box-wrapper\"><figure class=\"elementor-image-box-img\"><img decoding=\"async\" width=\"1600\" height=\"1200\" src=\"https:\/\/calpapiol.com\/wp-content\/uploads\/2024\/09\/habitacio.jpeg\" class=\"attachment-full size-full wp-image-1992\" alt=\"\" title=\"\" srcset=\"https:\/\/calpapiol.com\/wp-content\/uploads\/2024\/09\/habitacio.jpeg 1600w, https:\/\/calpapiol.com\/wp-content\/uploads\/2024\/09\/habitacio-300x225.jpeg 300w, https:\/\/calpapiol.com\/wp-content\/uploads\/2024\/09\/habitacio-1024x768.jpeg 1024w, https:\/\/calpapiol.com\/wp-content\/uploads\/2024\/09\/habitacio-768x576.jpeg 768w, https:\/\/calpapiol.com\/wp-content\/uploads\/2024\/09\/habitacio-1536x1152.jpeg 1536w, https:\/\/calpapiol.com\/wp-content\/uploads\/2024\/09\/habitacio-16x12.jpeg 16w\" sizes=\"(max-width: 1600px) 100vw, 1600px\" \/><\/figure><div class=\"elementor-image-box-content\"><h3 class=\"elementor-image-box-title\">El Niu<\/h3><p class=\"elementor-image-box-description\">Unabh\u00e4ngige Wohnung von 60 m2 mit Terrasse, alles auf einer Etage, Blick auf den Hain und den Weinberg.<\/p><\/div><\/div>\t\t\t\t<\/div>\n\t\t\t\t<\/div>\n\t\t\t\t<div class=\"elementor-element elementor-element-90656e6 elementor-align-center elementor-widget__width-auto elementor-widget elementor-widget-button\" data-id=\"90656e6\" data-element_type=\"widget\" data-widget_type=\"button.default\">\n\t\t\t\t<div class=\"elementor-widget-container\">\n\t\t\t\t\t\t\t\t\t<div class=\"elementor-button-wrapper\">\n\t\t\t\t\t<a class=\"elementor-button elementor-button-link elementor-size-sm\" href=\"https:\/\/calpapiol.com\/de\/das-nest\/\">\n\t\t\t\t\t\t<span class=\"elementor-button-content-wrapper\">\n\t\t\t\t\t\t\t\t\t<span class=\"elementor-button-text\">Buch<\/span>\n\t\t\t\t\t<\/span>\n\t\t\t\t\t<\/a>\n\t\t\t\t<\/div>\n\t\t\t\t\t\t\t\t<\/div>\n\t\t\t\t<\/div>\n\t\t\t\t<\/div>\n\t\t\t\t\t<\/div>\n\t\t\t\t<\/div>\n\t\t<div class=\"elementor-element elementor-element-9828b29 e-flex e-con-boxed e-con e-parent\" data-id=\"9828b29\" data-element_type=\"container\" data-settings=\"{&quot;background_background&quot;:&quot;classic&quot;}\">\n\t\t\t\t\t<div class=\"e-con-inner\">\n\t\t<div class=\"elementor-element elementor-element-cf95e49 e-con-full e-flex e-con e-child\" data-id=\"cf95e49\" data-element_type=\"container\">\n\t\t\t\t<div class=\"elementor-element elementor-element-9871cb3 elementor-widget elementor-widget-google_maps\" data-id=\"9871cb3\" data-element_type=\"widget\" data-widget_type=\"google_maps.default\">\n\t\t\t\t<div class=\"elementor-widget-container\">\n\t\t\t\t\t\t\t<div class=\"elementor-custom-embed\">\n\t\t\t<iframe loading=\"lazy\"\n\t\t\t\t\tsrc=\"https:\/\/maps.google.com\/maps?q=cal%20papiol&#038;t=m&#038;z=10&#038;output=embed&#038;iwloc=near\"\n\t\t\t\t\ttitle=\"Papiol wird ben\u00f6tigt\"\n\t\t\t\t\taria-label=\"Papiol wird ben\u00f6tigt\"\n\t\t\t><\/iframe>\n\t\t<\/div>\n\t\t\t\t\t\t<\/div>\n\t\t\t\t<\/div>\n\t\t\t\t<\/div>\n\t\t<div class=\"elementor-element elementor-element-d97b3d7 e-con-full e-flex e-con e-child\" data-id=\"d97b3d7\" data-element_type=\"container\" data-settings=\"{&quot;background_background&quot;:&quot;classic&quot;}\">\n\t\t\t\t<div class=\"elementor-element elementor-element-5d2d351 elementor-widget elementor-widget-heading\" data-id=\"5d2d351\" data-element_type=\"widget\" data-widget_type=\"heading.default\">\n\t\t\t\t<div class=\"elementor-widget-container\">\n\t\t\t\t\t<h4 class=\"elementor-heading-title elementor-size-default\">L\u00e4ndliches Haus im Pened\u00e8s<\/h4>\t\t\t\t<\/div>\n\t\t\t\t<\/div>\n\t\t\t\t<div class=\"elementor-element elementor-element-6e1fbf7 elementor-widget elementor-widget-text-editor\" data-id=\"6e1fbf7\" data-element_type=\"widget\" data-widget_type=\"text-editor.default\">\n\t\t\t\t<div class=\"elementor-widget-container\">\n\t\t\t\t\t\t\t\t\t<p>Ideal zum Abschalten im Herzen des Pened\u00e8s.<\/p><p>Sie finden uns 40 Minuten von Barcelona und 20 Minuten von Sitges entfernt.<\/p>\t\t\t\t\t\t\t\t<\/div>\n\t\t\t\t<\/div>\n\t\t\t\t<\/div>\n\t\t\t\t\t<\/div>\n\t\t\t\t<\/div>\n\t\t<div class=\"elementor-element elementor-element-074ba04 e-con-full e-flex e-con e-parent\" data-id=\"074ba04\" data-element_type=\"container\">\n\t\t\t\t<div class=\"elementor-element elementor-element-57be3f6 elementor-widget elementor-widget-image-carousel\" data-id=\"57be3f6\" data-element_type=\"widget\" data-settings=\"{&quot;slides_to_show&quot;:&quot;4&quot;,&quot;navigation&quot;:&quot;none&quot;,&quot;autoplay&quot;:&quot;yes&quot;,&quot;autoplay_speed&quot;:5000,&quot;infinite&quot;:&quot;yes&quot;,&quot;speed&quot;:500}\" data-widget_type=\"image-carousel.default\">\n\t\t\t\t<div class=\"elementor-widget-container\">\n\t\t\t\t\t\t\t<div class=\"elementor-image-carousel-wrapper swiper\" role=\"region\" aria-roledescription=\"carousel\" aria-label=\"Bilderkarussell\" dir=\"ltr\">\n\t\t\t<div class=\"elementor-image-carousel swiper-wrapper swiper-image-stretch\" aria-live=\"off\">\n\t\t\t\t\t\t\t\t<div class=\"swiper-slide\" role=\"group\" aria-roledescription=\"slide\" aria-label=\"1 sur 5\" data-no-translation-aria-label=\"\"><figure class=\"swiper-slide-inner\"><img decoding=\"async\" class=\"swiper-slide-image\" src=\"https:\/\/calpapiol.com\/wp-content\/uploads\/2024\/09\/piscina.jpeg\" alt=\"Schwimmbad\" title=\"\"><\/figure><\/div><div class=\"swiper-slide\" role=\"group\" aria-roledescription=\"slide\" aria-label=\"2 sur 5\" data-no-translation-aria-label=\"\"><figure class=\"swiper-slide-inner\"><img decoding=\"async\" class=\"swiper-slide-image\" src=\"https:\/\/calpapiol.com\/wp-content\/uploads\/2024\/09\/terrassa.jpeg\" alt=\"Terrasse\" title=\"\"><\/figure><\/div><div class=\"swiper-slide\" role=\"group\" aria-roledescription=\"slide\" aria-label=\"3 sur 5\" data-no-translation-aria-label=\"\"><figure class=\"swiper-slide-inner\"><img decoding=\"async\" class=\"swiper-slide-image\" src=\"https:\/\/calpapiol.com\/wp-content\/uploads\/2024\/09\/camientrada.jpeg\" alt=\"Eingang\" title=\"\"><\/figure><\/div><div class=\"swiper-slide\" role=\"group\" aria-roledescription=\"slide\" aria-label=\"4 sur 5\" data-no-translation-aria-label=\"\"><figure class=\"swiper-slide-inner\"><img decoding=\"async\" class=\"swiper-slide-image\" src=\"https:\/\/calpapiol.com\/wp-content\/uploads\/2024\/09\/barbacoa.jpeg\" alt=\"Grill\" title=\"\"><\/figure><\/div><div class=\"swiper-slide\" role=\"group\" aria-roledescription=\"slide\" aria-label=\"5 sur 5\" data-no-translation-aria-label=\"\"><figure class=\"swiper-slide-inner\"><img decoding=\"async\" class=\"swiper-slide-image\" src=\"https:\/\/calpapiol.com\/wp-content\/uploads\/2024\/09\/jardi.jpeg\" alt=\"Garten\" title=\"\"><\/figure><\/div>\t\t\t<\/div>\n\t\t\t\t\t\t\t\n\t\t\t\t\t\t\t\t\t<\/div>\n\t\t\t\t\t\t<\/div>\n\t\t\t\t<\/div>\n\t\t\t\t<\/div>\n\t\t\t\t<\/div>","protected":false},"excerpt":{"rendered":"<p>Im Cal Papiol haben Sie zwei M\u00f6glichkeiten f\u00fcr Ihren Aufenthalt: LA CASETA und EL NIU, jeweils mit Platz f\u00fcr 4 Personen. Jede Unterkunft bietet Komfort, Privatsph\u00e4re und einen erholsamen Aufenthalt, um die Ruhe einer l\u00e4ndlichen Umgebung zu genie\u00dfen. Jedes Zimmer verf\u00fcgt \u00fcber einen eigenen Garten, eine Terrasse und einen Swimmingpool, um absolute Privatsph\u00e4re [...]<\/p>","protected":false},"author":1,"featured_media":0,"parent":0,"menu_order":0,"comment_status":"closed","ping_status":"closed","template":"","meta":{"site-sidebar-layout":"no-sidebar","site-content-layout":"page-builder","ast-site-content-layout":"full-width-container","site-content-style":"default","site-sidebar-style":"default","ast-global-header-display":"","ast-banner-title-visibility":"","ast-main-header-display":"","ast-hfb-above-header-display":"","ast-hfb-below-header-display":"","ast-hfb-mobile-header-display":"","site-post-title":"disabled","ast-breadcrumbs-content":"","ast-featured-img":"disabled","footer-sml-layout":"","theme-transparent-header-meta":"","adv-header-id-meta":"","stick-header-meta":"","header-above-stick-meta":"","header-main-stick-meta":"","header-below-stick-meta":"","astra-migrate-meta-layouts":"set","ast-page-background-enabled":"default","ast-page-background-meta":{"desktop":{"background-color":"","background-image":"","background-repeat":"repeat","background-position":"center center","background-size":"auto","background-attachment":"scroll","background-type":"","background-media":"","overlay-type":"","overlay-color":"","overlay-opacity":"","overlay-gradient":""},"tablet":{"background-color":"","background-image":"","background-repeat":"repeat","background-position":"center center","background-size":"auto","background-attachment":"scroll","background-type":"","background-media":"","overlay-type":"","overlay-color":"","overlay-opacity":"","overlay-gradient":""},"mobile":{"background-color":"","background-image":"","background-repeat":"repeat","background-position":"center center","background-size":"auto","background-attachment":"scroll","background-type":"","background-media":"","overlay-type":"","overlay-color":"","overlay-opacity":"","overlay-gradient":""}},"ast-content-background-meta":{"desktop":{"background-color":"var(--ast-global-color-5)","background-image":"","background-repeat":"repeat","background-position":"center center","background-size":"auto","background-attachment":"scroll","background-type":"","background-media":"","overlay-type":"","overlay-color":"","overlay-opacity":"","overlay-gradient":""},"tablet":{"background-color":"var(--ast-global-color-5)","background-image":"","background-repeat":"repeat","background-position":"center center","background-size":"auto","background-attachment":"scroll","background-type":"","background-media":"","overlay-type":"","overlay-color":"","overlay-opacity":"","overlay-gradient":""},"mobile":{"background-color":"var(--ast-global-color-5)","background-image":"","background-repeat":"repeat","background-position":"center center","background-size":"auto","background-attachment":"scroll","background-type":"","background-media":"","overlay-type":"","overlay-color":"","overlay-opacity":"","overlay-gradient":""}},"footnotes":""},"class_list":["post-1302","page","type-page","status-publish","hentry"],"_links":{"self":[{"href":"https:\/\/calpapiol.com\/de\/wp-json\/wp\/v2\/pages\/1302","targetHints":{"allow":["GET"]}}],"collection":[{"href":"https:\/\/calpapiol.com\/de\/wp-json\/wp\/v2\/pages"}],"about":[{"href":"https:\/\/calpapiol.com\/de\/wp-json\/wp\/v2\/types\/page"}],"author":[{"embeddable":true,"href":"https:\/\/calpapiol.com\/de\/wp-json\/wp\/v2\/users\/1"}],"replies":[{"embeddable":true,"href":"https:\/\/calpapiol.com\/de\/wp-json\/wp\/v2\/comments?post=1302"}],"version-history":[{"count":9,"href":"https:\/\/calpapiol.com\/de\/wp-json\/wp\/v2\/pages\/1302\/revisions"}],"predecessor-version":[{"id":2470,"href":"https:\/\/calpapiol.com\/de\/wp-json\/wp\/v2\/pages\/1302\/revisions\/2470"}],"wp:attachment":[{"href":"https:\/\/calpapiol.com\/de\/wp-json\/wp\/v2\/media?parent=1302"}],"curies":[{"name":"wp","href":"https:\/\/api.w.org\/{rel}","templated":true}]}}