{"id":1577,"date":"2024-09-12T07:32:14","date_gmt":"2024-09-12T05:32:14","guid":{"rendered":"https:\/\/calpapiol.com\/?page_id=1577"},"modified":"2024-09-12T07:33:28","modified_gmt":"2024-09-12T05:33:28","slug":"cookie-richtlinie","status":"publish","type":"page","link":"https:\/\/calpapiol.com\/de\/cookie-richtlinie\/","title":{"rendered":"Cookie-Richtlinie"},"content":{"rendered":"<div data-elementor-type=\"wp-page\" data-elementor-id=\"1577\" class=\"elementor elementor-1577\" data-elementor-post-type=\"page\">\n\t\t\t\t<div class=\"elementor-element elementor-element-ae880dc e-flex e-con-boxed e-con e-parent\" data-id=\"ae880dc\" data-element_type=\"container\" data-settings=\"{&quot;background_background&quot;:&quot;classic&quot;}\">\n\t\t\t\t\t<div class=\"e-con-inner\">\n\t\t\t\t<div class=\"elementor-element elementor-element-cadea20 elementor-widget elementor-widget-text-editor\" data-id=\"cadea20\" data-element_type=\"widget\" data-widget_type=\"text-editor.default\">\n\t\t\t\t<div class=\"elementor-widget-container\">\n\t\t\t\t\t\t\t\t\t<h5 data-pm-slice=\"1 1 []\"><strong>Was sind die\u00a0<em>Kekse<\/em>?<\/strong><\/h5><p>Die\u00a0<em>Kekse<\/em>\u00a0Hierbei handelt es sich um kleine Datendateien, die von der besuchten Website im Terminal empfangen werden und dazu dienen, bestimmte Interaktionen der Navigation auf einer Website aufzuzeichnen, indem Daten gespeichert werden, die aktualisiert und wiederhergestellt werden k\u00f6nnen. Diese Dateien werden auf dem Computer des Benutzers gespeichert und enthalten anonyme Daten, die f\u00fcr seinen Computer nicht sch\u00e4dlich sind. Sie dienen dazu, sich die Pr\u00e4ferenzen des Benutzers zu merken, beispielsweise die ausgew\u00e4hlte Sprache, Zugangsdaten oder die Personalisierung der Seite.<\/p><p>Die\u00a0<em>Kekse<\/em>\u00a0Sie k\u00f6nnen auch dazu verwendet werden, anonyme Informationen dar\u00fcber aufzuzeichnen, wie der Besucher die Website nutzt. Zum Beispiel, von welcher Webseite aus Sie darauf zugegriffen haben oder ob Sie \u00fcber ein Werbebanner dorthin gelangt sind.<\/p><p>\u00a0<\/p><h5><strong>Warum DIESE WEBSITE verwendet <em>Kekse<\/em>?<\/strong><\/h5><p>DIESE WEBSITE verwendet <em>Kekse<\/em>\u00a0Unbedingt erforderlich und unerl\u00e4sslich, damit Sie unsere Websites nutzen und sich frei bewegen, sichere Bereiche nutzen, personalisierte Optionen konfigurieren usw. k\u00f6nnen. Dar\u00fcber hinaus verwenden\u00a0<em>Kekse<\/em>\u00a0die Daten zur Webnutzungsanalyse sammeln. Diese werden verwendet, um den Service f\u00fcr den Benutzer zu verbessern, indem die Nutzung und Leistung der Seite gemessen wird, um sie zu optimieren und zu personalisieren.<\/p><p>Unsere Websites k\u00f6nnen auch Links zu sozialen Medien (wie Facebook oder Twitter) enthalten. DIESE WEBSITE hat keinen Einfluss auf die <em>Kekse<\/em>\u00a0von diesen externen Websites verwendet. Weitere Informationen zum<em>Kekse<\/em>\u00a0von sozialen Netzwerken oder anderen Websites Dritter empfehlen wir Ihnen, Ihre eigenen Richtlinien zu \u00fcberpr\u00fcfen\u00a0<em>Kekse<\/em>.<\/p><p>\u00a0<\/p><h5><strong>Welchen Nutzen geben wir den verschiedenen Arten von\u00a0<em>Kekse<\/em>?<\/strong><\/h5><h6><strong>Nach seinem Zweck:<\/strong><\/h6><p><strong>Technische Cookies<\/strong><\/p><p>Die\u00a0<em>Kekse<\/em>\u00a0Techniken sind diejenigen, die f\u00fcr das ordnungsgem\u00e4\u00dfe Funktionieren eines Webportals und die Nutzung der verschiedenen Optionen und Dienste, die es bietet, wesentlich und unbedingt erforderlich sind.<\/p><p>\u00a0Zum Beispiel solche, die f\u00fcr die Sitzungswartung, das Antwortzeitmanagement, die Leistung oder Validierung von Optionen, die Verwendung von Sicherheitselementen, das Teilen von Inhalten mit sozialen Netzwerken usw. verwendet werden.<\/p><p>\u00a0<\/p><p><strong>Personalisierungscookies<\/strong><\/p><p>Diese\u00a0<em>Kekse<\/em>\u00a0Erm\u00f6glichen Sie dem Benutzer, einige Funktionen der allgemeinen Optionen der Webseite festzulegen oder anzupassen. Legen Sie beispielsweise die Sprache, das Gebietsschema oder den Browsertyp fest.<\/p><p>\u00a0<\/p><p><strong>Analytische Cookies<\/strong><\/p><p>Die\u00a0<em>Kekse<\/em>\u00a0Analysen werden von unseren Webportalen verwendet, um Browserprofile zu erstellen und mehr \u00fcber Benutzerpr\u00e4ferenzen zu erfahren, um das Angebot an Produkten und Dienstleistungen zu verbessern.<\/p><p>Zum Beispiel durch a\u00a0<em>Pl\u00e4tzchen<\/em>\u00a0analytisch w\u00fcrden die geografischen Gebiete \u00fcberwacht, die f\u00fcr einen Benutzer am interessantesten sind, welches Produkt am meisten akzeptiert wird usw.<\/p><p>\u00a0<\/p><p><strong>Werbung\/Werbe-Cookies<\/strong><\/p><p>Die\u00a0<em>Kekse<\/em>\u00a0Advertising erm\u00f6glicht die Verwaltung von Werbefl\u00e4chen nach bestimmten Kriterien. Zum Beispiel Zugriffsh\u00e4ufigkeit, bearbeitete Inhalte usw.<\/p><p>Die\u00a0<em>Kekse<\/em>\u00a0Werbeunternehmen erm\u00f6glichen durch die Verwaltung von Werbung die Speicherung von Verhaltensinformationen durch die Beobachtung von Gewohnheiten, die Untersuchung der Zugriffe und die Erstellung eines Profils der Pr\u00e4ferenzen des Benutzers, um ihm Werbung anzubieten, die den Interessen Ihres Profils entspricht<\/p><p>\u00a0<\/p><h6><strong>Laut Frist:<\/strong><\/h6><p><strong>Sitzungscookies<\/strong><\/p><p>Die\u00a0<em>Kekse<\/em>\u00a0Sitzungscookies sind solche, die so lange bestehen bleiben, wie der Benutzer auf der Webseite surft, und gel\u00f6scht werden, wenn er damit fertig ist.<\/p><p>\u00a0<\/p><p><strong>Dauerhafte Cookies<\/strong><\/p><p>Diese\u00a0<em>Kekse<\/em>\u00a0Sie werden f\u00fcr l\u00e4ngere Zeit auf dem Endger\u00e4t des Benutzers gespeichert und erm\u00f6glichen so die Kontrolle der gew\u00e4hlten Pr\u00e4ferenzen, ohne dass bestimmte Parameter bei jedem Besuch der Website wiederholt werden m\u00fcssen.<\/p><p>\u00a0<\/p><h5><strong>Und wenn ich diese nicht haben m\u00f6chte\u00a0<em>Kekse<\/em>\u00a0oder mache ich nichts?<\/strong><\/h5><p>Um der geltenden Gesetzgebung zu entsprechen, m\u00fcssen wir Sie um Ihre Erlaubnis zur Verwaltung bitten\u00a0<em>Kekse<\/em>. Wenn Sie sich daf\u00fcr entscheiden, die Verarbeitung nicht zu genehmigen, indem Sie uns mitteilen, dass Sie nicht damit einverstanden sind, w\u00fcrden wir nur die Daten verwenden\u00a0<em>Kekse<\/em>\u00a0Techniken, da diese f\u00fcr die Navigation auf unserer Website unerl\u00e4sslich sind. In diesem Fall w\u00fcrden wir keine speichern <em>Pl\u00e4tzchen<\/em>. Wenn Sie weiterhin auf unserer Website surfen, ohne die Erlaubnis zu verweigern, bedeutet dies, dass Sie der Nutzung zustimmen.<\/p><p>Beachten Sie, dass, wenn Sie die ablehnen oder l\u00f6schen\u00a0<em>Kekse<\/em>\u00a0Beim Surfen im Internet k\u00f6nnen wir Ihre Pr\u00e4ferenzen nicht beibehalten, einige Funktionen der Seiten sind nicht funktionsf\u00e4hig, wir k\u00f6nnen Ihnen keine personalisierten Dienste anbieten und jedes Mal, wenn Sie auf unserer Website surfen, m\u00fcssen wir Sie erneut darum bitten Ihre Genehmigung zur Nutzung von\u00a0<em>Kekse<\/em>.<\/p><p>Wenn Sie sich jedoch dazu entschlie\u00dfen, die Konfiguration Ihres Zugriffs auf die Website zu \u00e4ndern, sollten Sie wissen, dass diese gel\u00f6scht werden k\u00f6nnen\u00a0<em>Kekse<\/em>\u00a0Sie k\u00f6nnen jederzeit verhindern, dass diese Informationen auf Ihrem Computer aufgezeichnet werden, indem Sie die Einstellungen Ihres Browsers \u00e4ndern:<\/p><p>\u00a0<\/p><ul><li><p><a href=\"https:\/\/windows.microsoft.com\/es-es\/windows-vista\/block-or-allow-cookies\" target=\"_blanc\" rel=\"noopener noreferrer nofollow\">Konfiguration von\u00a0<em>Kekse<\/em>\u00a0aus dem Internet Explorer<\/a><\/p><\/li><li><p><a href=\"https:\/\/support.mozilla.org\/ca\/kb\/enable-and-disable-cookies-website-preferences\" target=\"_blanc\" rel=\"noopener noreferrer nofollow\">Konfiguration von\u00a0<em>Kekse<\/em>\u00a0von Firefox<\/a><\/p><\/li><li><p><a href=\"https:\/\/support.google.com\/chrome\/answer\/95647?hl=ca\" target=\"_blanc\" rel=\"noopener noreferrer nofollow\">Konfiguration von\u00a0<em>Kekse<\/em>\u00a0von Google Chrome<\/a><\/p><\/li><li><p><a href=\"https:\/\/support.apple.com\/kb\/HT1677?viewlocale=es_ES&amp;locale=es_ES\" target=\"_blanc\" rel=\"noopener noreferrer nofollow\">Konfiguration von\u00a0<em>Kekse<\/em>\u00a0von Safari<\/a><\/p><\/li><\/ul><p>\u00a0<\/p><p>Diese Browser unterliegen Aktualisierungen oder \u00c4nderungen, daher k\u00f6nnen wir nicht garantieren, dass sie vollst\u00e4ndig mit Ihrer Browserversion \u00fcbereinstimmen. M\u00f6glicherweise verwenden Sie auch einen anderen Browser, der in diesen Links nicht behandelt wird, z. B. Konqueror, Arora, Flock usw.<\/p><p>Um diese Diskrepanzen zu vermeiden, k\u00f6nnen Sie direkt \u00fcber die Optionen Ihres Browsers darauf zugreifen, die sich normalerweise im Men\u00fc \u201eOptionen\u201c im Abschnitt \u201eDatenschutz\u201c befinden. (Weitere Informationen finden Sie in der Hilfe Ihres Browsers.)<\/p><p>\u00a0<\/p><h5><strong>Die gesammelten Daten in\u00a0<em>Kekse<\/em>Werden sie auf Websites verwendet, die nicht DIESE WEBSITE sind?<\/strong><\/h5><p>Einer von uns\u00a0<em>Kekse<\/em> Es wird verwendet, um Werbung in Netzwerken Dritter zu generieren oder um Analysen durchzuf\u00fchren, f\u00fcr die wir auf DIESER WEBSITE externe Tools verwenden. Die\u00a0<em>Kekse<\/em>\u00a0Die eingesetzten Daten sind ausschlie\u00dflich f\u00fcr die Nutzung durch die Bank und ihre Unternehmensgruppe bestimmt und werden von dieser in keinem Fall vermarktet.<\/p><p>Auf DIESER WEBSITE arbeiten wir mit zuverl\u00e4ssigen Lieferanten zusammen, die uns bei der Verwaltung und Personalisierung unserer Webseiten unterst\u00fctzen.<\/p><p>\u00a0<\/p><h5><strong>Was bedeuten die oben genannten Informationen?<\/strong><\/h5><p>Wenn Sie unsere akzeptieren\u00a0<em>Kekse<\/em>erm\u00f6glicht es uns, die Websites DIESER WEBSITE zu verbessern, um Ihnen einen optimalen Zugang zu bieten und Ihnen einen effektiveren und personalisierteren Service zu bieten.<\/p><p>Dar\u00fcber hinaus k\u00f6nnen Sie Ihren Browser so konfigurieren, dass nur vertrauensw\u00fcrdige Websites oder Seiten, die Sie gerade durchsuchen, verwaltet werden k\u00f6nnen\u00a0<em>Kekse<\/em>, mit dem Sie Ihre Pr\u00e4ferenzen ausw\u00e4hlen k\u00f6nnen.<\/p><p>Mit dieser Richtlinie demonstriert DIESE WEBSITE ihr Engagement f\u00fcr die aktuelle Gesetzgebung zur Nutzung von <em>Kekse<\/em>, um Ihnen Informationen zu geben, damit Sie verstehen k\u00f6nnen, um welche Art von\u00a0<em>Kekse<\/em>was wir verwenden werden und warum wir es tun. Damit m\u00f6chten wir Ihnen Transparenz \u00fcber die Daten erm\u00f6glichen, die bei der Navigation Ihres Computers auf unserer Website verarbeitet werden.<\/p><p>Diese Richtlinie wird regelm\u00e4\u00dfig \u00fcberpr\u00fcft, um ihre G\u00fcltigkeit sicherzustellen, und kann daher ge\u00e4ndert werden. Wir empfehlen Ihnen, die Seite regelm\u00e4\u00dfig zu besuchen. Dort informieren wir Sie \u00fcber etwaige Aktualisierungen.<\/p><p>\u00a0<\/p><h5><strong>Wo kann ich weitere Informationen erhalten?<\/strong><\/h5><p>Wenn Sie weitere Informationen zur Richtlinie von ben\u00f6tigen\u00a0<em>Kekse<\/em>Bitte konsultieren Sie das am 31. M\u00e4rz 2012 ver\u00f6ffentlichte Amtsblatt (f\u00fcr Spanien), in dem die Richtlinien zur elektronischen Kommunikation umgesetzt werden. Sie k\u00f6nnen auch die Richtlinie a einsehen\u00a0<a href=\"https:\/\/ico.org.uk\/\" target=\"_blank\" rel=\"noopener noreferrer nofollow\">B\u00fcro des Informationskommissars<\/a>\u00a0(auf Englisch).<\/p><p>Dar\u00fcber hinaus k\u00f6nnen Sie auf einige von der spanischen Datenschutzbeh\u00f6rde ver\u00f6ffentlichte Lehrvideos zugreifen, die Schritt f\u00fcr Schritt erkl\u00e4ren, wie Sie die Datenschutzoptionen von Browsern, sozialen Netzwerken und den g\u00e4ngigsten mobilen Betriebssystemen konfigurieren\u00a0<a href=\"https:\/\/www.youtube.com\/user\/desdelaAEPD\" target=\"_blank\" rel=\"noopener noreferrer nofollow\">AEPD-Videos<\/a>.<\/p>\t\t\t\t\t\t\t\t<\/div>\n\t\t\t\t<\/div>\n\t\t\t\t\t<\/div>\n\t\t\t\t<\/div>\n\t\t\t\t<\/div>","protected":false},"excerpt":{"rendered":"<p>Was sind Cookies? Cookies sind kleine Datendateien, die von der besuchten Website auf dem Endger\u00e4t empfangen werden und dazu dienen, bestimmte Interaktionen beim Surfen auf einer Website aufzuzeichnen, indem sie Daten speichern, die aktualisiert und abgerufen werden k\u00f6nnen. Diese Dateien werden auf dem Computer des Benutzers gespeichert und enthalten anonyme Daten, die f\u00fcr den Benutzer nicht sch\u00e4dlich sind.<\/p>","protected":false},"author":1,"featured_media":0,"parent":0,"menu_order":0,"comment_status":"closed","ping_status":"closed","template":"","meta":{"site-sidebar-layout":"no-sidebar","site-content-layout":"page-builder","ast-site-content-layout":"full-width-container","site-content-style":"default","site-sidebar-style":"default","ast-global-header-display":"","ast-banner-title-visibility":"","ast-main-header-display":"","ast-hfb-above-header-display":"","ast-hfb-below-header-display":"","ast-hfb-mobile-header-display":"","site-post-title":"disabled","ast-breadcrumbs-content":"","ast-featured-img":"disabled","footer-sml-layout":"","theme-transparent-header-meta":"","adv-header-id-meta":"","stick-header-meta":"","header-above-stick-meta":"","header-main-stick-meta":"","header-below-stick-meta":"","astra-migrate-meta-layouts":"set","ast-page-background-enabled":"default","ast-page-background-meta":{"desktop":{"background-color":"","background-image":"","background-repeat":"repeat","background-position":"center center","background-size":"auto","background-attachment":"scroll","background-type":"","background-media":"","overlay-type":"","overlay-color":"","overlay-opacity":"","overlay-gradient":""},"tablet":{"background-color":"","background-image":"","background-repeat":"repeat","background-position":"center center","background-size":"auto","background-attachment":"scroll","background-type":"","background-media":"","overlay-type":"","overlay-color":"","overlay-opacity":"","overlay-gradient":""},"mobile":{"background-color":"","background-image":"","background-repeat":"repeat","background-position":"center center","background-size":"auto","background-attachment":"scroll","background-type":"","background-media":"","overlay-type":"","overlay-color":"","overlay-opacity":"","overlay-gradient":""}},"ast-content-background-meta":{"desktop":{"background-color":"var(--ast-global-color-5)","background-image":"","background-repeat":"repeat","background-position":"center center","background-size":"auto","background-attachment":"scroll","background-type":"","background-media":"","overlay-type":"","overlay-color":"","overlay-opacity":"","overlay-gradient":""},"tablet":{"background-color":"var(--ast-global-color-5)","background-image":"","background-repeat":"repeat","background-position":"center center","background-size":"auto","background-attachment":"scroll","background-type":"","background-media":"","overlay-type":"","overlay-color":"","overlay-opacity":"","overlay-gradient":""},"mobile":{"background-color":"var(--ast-global-color-5)","background-image":"","background-repeat":"repeat","background-position":"center center","background-size":"auto","background-attachment":"scroll","background-type":"","background-media":"","overlay-type":"","overlay-color":"","overlay-opacity":"","overlay-gradient":""}},"footnotes":""},"class_list":["post-1577","page","type-page","status-publish","hentry"],"_links":{"self":[{"href":"https:\/\/calpapiol.com\/de\/wp-json\/wp\/v2\/pages\/1577","targetHints":{"allow":["GET"]}}],"collection":[{"href":"https:\/\/calpapiol.com\/de\/wp-json\/wp\/v2\/pages"}],"about":[{"href":"https:\/\/calpapiol.com\/de\/wp-json\/wp\/v2\/types\/page"}],"author":[{"embeddable":true,"href":"https:\/\/calpapiol.com\/de\/wp-json\/wp\/v2\/users\/1"}],"replies":[{"embeddable":true,"href":"https:\/\/calpapiol.com\/de\/wp-json\/wp\/v2\/comments?post=1577"}],"version-history":[{"count":4,"href":"https:\/\/calpapiol.com\/de\/wp-json\/wp\/v2\/pages\/1577\/revisions"}],"predecessor-version":[{"id":1581,"href":"https:\/\/calpapiol.com\/de\/wp-json\/wp\/v2\/pages\/1577\/revisions\/1581"}],"wp:attachment":[{"href":"https:\/\/calpapiol.com\/de\/wp-json\/wp\/v2\/media?parent=1577"}],"curies":[{"name":"wp","href":"https:\/\/api.w.org\/{rel}","templated":true}]}}