{"id":1285,"date":"2024-09-10T15:43:38","date_gmt":"2024-09-10T13:43:38","guid":{"rendered":"https:\/\/calpapiol.com\/?page_id=1285"},"modified":"2024-11-28T16:53:28","modified_gmt":"2024-11-28T14:53:28","slug":"la-famille","status":"publish","type":"page","link":"https:\/\/calpapiol.com\/fr\/la-famille\/","title":{"rendered":"La ferme"},"content":{"rendered":"<div data-elementor-type=\"wp-page\" data-elementor-id=\"1285\" class=\"elementor elementor-1285\" data-elementor-post-type=\"page\">\n\t\t\t\t<div class=\"elementor-element elementor-element-ee32c45 e-flex e-con-boxed e-con e-parent\" data-id=\"ee32c45\" data-element_type=\"container\" data-settings=\"{&quot;background_background&quot;:&quot;slideshow&quot;,&quot;background_slideshow_gallery&quot;:[{&quot;id&quot;:1953,&quot;url&quot;:&quot;https:\\\/\\\/calpapiol.com\\\/wp-content\\\/uploads\\\/2024\\\/09\\\/calpapiol6.jpeg&quot;},{&quot;id&quot;:1962,&quot;url&quot;:&quot;https:\\\/\\\/calpapiol.com\\\/wp-content\\\/uploads\\\/2024\\\/09\\\/LA-CASETA.jpeg&quot;},{&quot;id&quot;:1967,&quot;url&quot;:&quot;https:\\\/\\\/calpapiol.com\\\/wp-content\\\/uploads\\\/2024\\\/09\\\/piscina_jardi1.jpeg&quot;},{&quot;id&quot;:1966,&quot;url&quot;:&quot;https:\\\/\\\/calpapiol.com\\\/wp-content\\\/uploads\\\/2024\\\/09\\\/Paisatge-scaled.jpg&quot;}],&quot;background_slideshow_loop&quot;:&quot;yes&quot;,&quot;background_slideshow_slide_duration&quot;:5000,&quot;background_slideshow_slide_transition&quot;:&quot;fade&quot;,&quot;background_slideshow_transition_duration&quot;:500}\">\n\t\t\t\t\t<div class=\"e-con-inner\">\n\t\t\t\t\t<\/div>\n\t\t\t\t<\/div>\n\t\t\t\t<section class=\"elementor-section elementor-top-section elementor-element elementor-element-8hapkq6 elementor-section-content-middle elementor-section-boxed elementor-section-height-default elementor-section-height-default\" data-id=\"8hapkq6\" data-element_type=\"section\" data-settings=\"{&quot;background_background&quot;:&quot;classic&quot;}\">\n\t\t\t\t\t\t\t<div class=\"elementor-background-overlay\"><\/div>\n\t\t\t\t\t\t\t<div class=\"elementor-container elementor-column-gap-no\">\n\t\t\t\t\t<div class=\"elementor-column elementor-col-33 elementor-top-column elementor-element elementor-element-19be28e\" data-id=\"19be28e\" data-element_type=\"column\">\n\t\t\t<div class=\"elementor-widget-wrap elementor-element-populated\">\n\t\t\t\t\t\t<div class=\"elementor-element elementor-element-3935697 elementor-widget elementor-widget-heading\" data-id=\"3935697\" data-element_type=\"widget\" data-widget_type=\"heading.default\">\n\t\t\t\t<div class=\"elementor-widget-container\">\n\t\t\t\t\t<h2 class=\"elementor-heading-title elementor-size-default\">Bienvenue \u00e0 Cal Papiol! Bienvenue au Pened\u00e8s!<\/h2>\t\t\t\t<\/div>\n\t\t\t\t<\/div>\n\t\t\t\t\t<\/div>\n\t\t<\/div>\n\t\t\t\t<div class=\"elementor-column elementor-col-66 elementor-top-column elementor-element elementor-element-155952c\" data-id=\"155952c\" data-element_type=\"column\">\n\t\t\t<div class=\"elementor-widget-wrap elementor-element-populated\">\n\t\t\t\t\t\t<div class=\"elementor-element elementor-element-6ef8186 elementor-widget elementor-widget-text-editor\" data-id=\"6ef8186\" data-element_type=\"widget\" data-widget_type=\"text-editor.default\">\n\t\t\t\t<div class=\"elementor-widget-container\">\n\t\t\t\t\t\t\t\t\t<p><span style=\"font-weight: 400;\">Cal Papiol est une ferme <\/span><span style=\"font-weight: 400;\">r<\/span><span style=\"font-weight: 400;\">entour\u00e9 de vignes et de vergers situ\u00e9 au coeur du Pened\u00e8s, construit par des artisans, ses murs sont en brique. Il y a un petit chai, r\u00e9habilit\u00e9, avec l&#039;outillage, le pressoir et les cuves qui permettent de saisir ses origines, l&#039;exploitation agricole. Actuellement, les terres agricoles se poursuivent avec la culture de la vigne et une partie des espaces ext\u00e9rieurs est d\u00e9di\u00e9e au potager aux vari\u00e9t\u00e9s vari\u00e9es.<\/span><\/p><p><span style=\"font-weight: 400;\">Mag\u00ed Papiol, le plus jeune fils de Cal Mingola, commen\u00e7a la construction de la ferme en 1915 lorsqu&#039;il \u00e9pousa Ll\u00facia Vives, initialement appel\u00e9e \u00ab Cal Xic Mingola \u00bb ou \u00ab Cala Ll\u00facia \u00bb. Ils se consacrent \u00e0 la culture de la terre et au soin des animaux. Pendant et apr\u00e8s la guerre, de riches habitants de Barcelone y s\u00e9journ\u00e8rent. Son fils, Jaume Papiol, travaille la vigne, fait du vin et travaille aux Caves Rovellats. Son \u00e9pouse, Lliberta Sol\u00e9, \u00e9l\u00e8ve des poules et s&#039;occupe du jardin. Ils ont construit deux fermes avec des porches pour stocker le grain et ils ont \u00e9galement \u00e9lev\u00e9 des animaux pour leur propre consommation. C&#039;est dans ces espaces que se trouvent actuellement les masoveries. <\/span><\/p>\t\t\t\t\t\t\t\t<\/div>\n\t\t\t\t<\/div>\n\t\t\t\t\t<\/div>\n\t\t<\/div>\n\t\t\t\t\t<\/div>\n\t\t<\/section>\n\t\t<div class=\"elementor-element elementor-element-983b9fb e-con-full e-flex e-con e-parent\" data-id=\"983b9fb\" data-element_type=\"container\" data-settings=\"{&quot;background_background&quot;:&quot;classic&quot;}\">\n\t\t\t\t<div class=\"elementor-element elementor-element-6ccc0f7 elementor-widget elementor-widget-shortcode\" data-id=\"6ccc0f7\" data-element_type=\"widget\" data-widget_type=\"shortcode.default\">\n\t\t\t\t<div class=\"elementor-widget-container\">\n\t\t\t\t\t\t\t<div class=\"elementor-shortcode\"><script src=\"https:\/\/static.elfsight.com\/platform\/platform.js\" data-use-service-core defer><\/script>\n<div class=\"elfsight-app-ea465674-c38d-4a6c-a1cb-dd54b147b6b9\" data-elfsight-app-lazy><\/div><\/div>\n\t\t\t\t\t\t<\/div>\n\t\t\t\t<\/div>\n\t\t\t\t<\/div>\n\t\t<div class=\"elementor-element elementor-element-5d08d8a e-flex e-con-boxed e-con e-parent\" data-id=\"5d08d8a\" data-element_type=\"container\" data-settings=\"{&quot;background_background&quot;:&quot;classic&quot;}\">\n\t\t\t\t\t<div class=\"e-con-inner\">\n\t\t<div class=\"elementor-element elementor-element-9389c34 e-con-full e-flex e-con e-child\" data-id=\"9389c34\" data-element_type=\"container\" data-settings=\"{&quot;background_background&quot;:&quot;classic&quot;}\">\n\t\t\t\t<\/div>\n\t\t<div class=\"elementor-element elementor-element-631ec84 e-con-full e-flex e-con e-child\" data-id=\"631ec84\" data-element_type=\"container\" data-settings=\"{&quot;background_background&quot;:&quot;classic&quot;}\">\n\t\t\t\t<div class=\"elementor-element elementor-element-2832df6 elementor-widget elementor-widget-text-editor\" data-id=\"2832df6\" data-element_type=\"widget\" data-widget_type=\"text-editor.default\">\n\t\t\t\t<div class=\"elementor-widget-container\">\n\t\t\t\t\t\t\t\t\t<p><span style=\"font-weight: 400;\">Elisenda Papiol, la fille, se consacre pleinement \u00e0 la t\u00e2che p\u00e9dagogique mais pr\u00e9serve la vigne en lui confiant le travail qu&#039;elle g\u00e9n\u00e8re. En collaboration avec Rafael Morales, son mari et en pensant \u00e0 l&#039;avenir et aux soins des parents, ils ont r\u00e9alis\u00e9 en 2006 une r\u00e9forme globale de tout l&#039;espace.\u00a0<\/span><\/p><p><span style=\"font-weight: 400;\">Mart\u00ed Morales Papiol \u00e9tudie l&#039;ing\u00e9nierie mais le lien avec la terre est fort, il travaille \u00e0 faire conna\u00eetre la culture du jardin via Instagram et d\u00e9cide de d\u00e9marrer les deux fermes d\u00e9di\u00e9es au tourisme rural.<\/span><\/p><p><span style=\"font-weight: 400;\">Cette maison nous est parvenue gr\u00e2ce \u00e0 l&#039;effort, \u00e0 la constance et \u00e0 la pers\u00e9v\u00e9rance d&#039;humbles agriculteurs qui, sachant profiter des ressources de la terre, ont entretenu et agrandi leur patrimoine et aujourd&#039;hui nous et vous pouvons en profiter.\u00a0<\/span><\/p>\t\t\t\t\t\t\t\t<\/div>\n\t\t\t\t<\/div>\n\t\t\t\t<\/div>\n\t\t\t\t\t<\/div>\n\t\t\t\t<\/div>\n\t\t<div class=\"elementor-element elementor-element-b25e676 e-con-full e-flex e-con e-parent\" data-id=\"b25e676\" data-element_type=\"container\">\n\t\t\t\t<div class=\"elementor-element elementor-element-25e53c7 elementor-widget elementor-widget-image-carousel\" data-id=\"25e53c7\" data-element_type=\"widget\" data-settings=\"{&quot;slides_to_show&quot;:&quot;4&quot;,&quot;navigation&quot;:&quot;none&quot;,&quot;autoplay&quot;:&quot;yes&quot;,&quot;autoplay_speed&quot;:5000,&quot;infinite&quot;:&quot;yes&quot;,&quot;speed&quot;:500}\" data-widget_type=\"image-carousel.default\">\n\t\t\t\t<div class=\"elementor-widget-container\">\n\t\t\t\t\t\t\t<div class=\"elementor-image-carousel-wrapper swiper\" role=\"region\" aria-roledescription=\"carousel\" aria-label=\"Bild Karussell\" dir=\"ltr\" data-no-translation-aria-label=\"\">\n\t\t\t<div class=\"elementor-image-carousel swiper-wrapper swiper-image-stretch\" aria-live=\"off\">\n\t\t\t\t\t\t\t\t<div class=\"swiper-slide\" role=\"group\" aria-roledescription=\"slide\" aria-label=\"1 von 12\" data-no-translation-aria-label=\"\"><figure class=\"swiper-slide-inner\"><img decoding=\"async\" class=\"swiper-slide-image\" src=\"https:\/\/calpapiol.com\/wp-content\/uploads\/2024\/09\/calrigol.jpg\" alt=\"Calrigol\" title=\"\"><\/figure><\/div><div class=\"swiper-slide\" role=\"group\" aria-roledescription=\"slide\" aria-label=\"2 von 12\" data-no-translation-aria-label=\"\"><figure class=\"swiper-slide-inner\"><img decoding=\"async\" class=\"swiper-slide-image\" src=\"https:\/\/calpapiol.com\/wp-content\/uploads\/2024\/09\/celler.jpeg\" alt=\"cave\" title=\"\"><\/figure><\/div><div class=\"swiper-slide\" role=\"group\" aria-roledescription=\"slide\" aria-label=\"3 von 12\" data-no-translation-aria-label=\"\"><figure class=\"swiper-slide-inner\"><img decoding=\"async\" class=\"swiper-slide-image\" src=\"https:\/\/calpapiol.com\/wp-content\/uploads\/2024\/09\/celler1.jpeg\" alt=\"cave1\" title=\"\"><\/figure><\/div><div class=\"swiper-slide\" role=\"group\" aria-roledescription=\"slide\" aria-label=\"4 von 12\" data-no-translation-aria-label=\"\"><figure class=\"swiper-slide-inner\"><img decoding=\"async\" class=\"swiper-slide-image\" src=\"https:\/\/calpapiol.com\/wp-content\/uploads\/2024\/09\/exteriors.jpeg\" alt=\"ext\u00e9rieurs\" title=\"\"><\/figure><\/div><div class=\"swiper-slide\" role=\"group\" aria-roledescription=\"slide\" aria-label=\"5 von 12\" data-no-translation-aria-label=\"\"><figure class=\"swiper-slide-inner\"><img decoding=\"async\" class=\"swiper-slide-image\" src=\"https:\/\/calpapiol.com\/wp-content\/uploads\/2024\/09\/exteriors1.jpeg\" alt=\"ext\u00e9rieurs1\" title=\"\"><\/figure><\/div><div class=\"swiper-slide\" role=\"group\" aria-roledescription=\"slide\" aria-label=\"6 von 12\" data-no-translation-aria-label=\"\"><figure class=\"swiper-slide-inner\"><img decoding=\"async\" class=\"swiper-slide-image\" src=\"https:\/\/calpapiol.com\/wp-content\/uploads\/2024\/09\/paisatge_lagueto.jpeg\" alt=\"paysage_lagueto\" title=\"\"><\/figure><\/div><div class=\"swiper-slide\" role=\"group\" aria-roledescription=\"slide\" aria-label=\"7 von 12\" data-no-translation-aria-label=\"\"><figure class=\"swiper-slide-inner\"><img decoding=\"async\" class=\"swiper-slide-image\" src=\"https:\/\/calpapiol.com\/wp-content\/uploads\/2024\/09\/paisatge_tardor.jpg\" alt=\"paysage_automne\" title=\"\"><\/figure><\/div><div class=\"swiper-slide\" role=\"group\" aria-roledescription=\"slide\" aria-label=\"8 von 12\" data-no-translation-aria-label=\"\"><figure class=\"swiper-slide-inner\"><img decoding=\"async\" class=\"swiper-slide-image\" src=\"https:\/\/calpapiol.com\/wp-content\/uploads\/2024\/09\/pistapetanc3.jpeg\" alt=\"pistapetanc3\" title=\"\"><\/figure><\/div><div class=\"swiper-slide\" role=\"group\" aria-roledescription=\"slide\" aria-label=\"9 von 12\" data-no-translation-aria-label=\"\"><figure class=\"swiper-slide-inner\"><img decoding=\"async\" class=\"swiper-slide-image\" src=\"https:\/\/calpapiol.com\/wp-content\/uploads\/2024\/09\/porta-celler.jpeg\" alt=\"porte de cave\" title=\"\"><\/figure><\/div><div class=\"swiper-slide\" role=\"group\" aria-roledescription=\"slide\" aria-label=\"10 von 12\" data-no-translation-aria-label=\"\"><figure class=\"swiper-slide-inner\"><img decoding=\"async\" class=\"swiper-slide-image\" src=\"https:\/\/calpapiol.com\/wp-content\/uploads\/2024\/09\/safareig.jpg\" alt=\"buanderie\" title=\"\"><\/figure><\/div><div class=\"swiper-slide\" role=\"group\" aria-roledescription=\"slide\" aria-label=\"11 von 12\" data-no-translation-aria-label=\"\"><figure class=\"swiper-slide-inner\"><img decoding=\"async\" class=\"swiper-slide-image\" src=\"https:\/\/calpapiol.com\/wp-content\/uploads\/2024\/09\/sinia.jpeg\" alt=\"myrtille\" title=\"\"><\/figure><\/div><div class=\"swiper-slide\" role=\"group\" aria-roledescription=\"slide\" aria-label=\"12 von 12\" data-no-translation-aria-label=\"\"><figure class=\"swiper-slide-inner\"><img decoding=\"async\" class=\"swiper-slide-image\" src=\"https:\/\/calpapiol.com\/wp-content\/uploads\/2024\/09\/vinyatardor.jpeg\" alt=\"vigneron\" title=\"\"><\/figure><\/div>\t\t\t<\/div>\n\t\t\t\t\t\t\t\n\t\t\t\t\t\t\t\t\t<\/div>\n\t\t\t\t\t\t<\/div>\n\t\t\t\t<\/div>\n\t\t\t\t<\/div>\n\t\t\t\t<\/div>","protected":false},"excerpt":{"rendered":"<p>Bienvenue \u00e0 Cal Papiol! Bienvenue au Pened\u00e8s! Cal Papiol est une ferme artisanale entour\u00e9e de vignes et de vergers au c\u0153ur du Pened\u00e8s, ses murs sont en brique. Il y a un petit chai, r\u00e9habilit\u00e9, avec l&#039;outillage, le pressoir et les cuves qui permettent de saisir ses origines, l&#039;exploitation agricole. [...]<\/p>","protected":false},"author":1,"featured_media":0,"parent":0,"menu_order":0,"comment_status":"closed","ping_status":"closed","template":"","meta":{"site-sidebar-layout":"no-sidebar","site-content-layout":"page-builder","ast-site-content-layout":"full-width-container","site-content-style":"default","site-sidebar-style":"default","ast-global-header-display":"","ast-banner-title-visibility":"","ast-main-header-display":"","ast-hfb-above-header-display":"","ast-hfb-below-header-display":"","ast-hfb-mobile-header-display":"","site-post-title":"disabled","ast-breadcrumbs-content":"","ast-featured-img":"disabled","footer-sml-layout":"","theme-transparent-header-meta":"","adv-header-id-meta":"","stick-header-meta":"","header-above-stick-meta":"","header-main-stick-meta":"","header-below-stick-meta":"","astra-migrate-meta-layouts":"set","ast-page-background-enabled":"default","ast-page-background-meta":{"desktop":{"background-color":"","background-image":"","background-repeat":"repeat","background-position":"center center","background-size":"auto","background-attachment":"scroll","background-type":"","background-media":"","overlay-type":"","overlay-color":"","overlay-opacity":"","overlay-gradient":""},"tablet":{"background-color":"","background-image":"","background-repeat":"repeat","background-position":"center center","background-size":"auto","background-attachment":"scroll","background-type":"","background-media":"","overlay-type":"","overlay-color":"","overlay-opacity":"","overlay-gradient":""},"mobile":{"background-color":"","background-image":"","background-repeat":"repeat","background-position":"center center","background-size":"auto","background-attachment":"scroll","background-type":"","background-media":"","overlay-type":"","overlay-color":"","overlay-opacity":"","overlay-gradient":""}},"ast-content-background-meta":{"desktop":{"background-color":"var(--ast-global-color-5)","background-image":"","background-repeat":"repeat","background-position":"center center","background-size":"auto","background-attachment":"scroll","background-type":"","background-media":"","overlay-type":"","overlay-color":"","overlay-opacity":"","overlay-gradient":""},"tablet":{"background-color":"var(--ast-global-color-5)","background-image":"","background-repeat":"repeat","background-position":"center center","background-size":"auto","background-attachment":"scroll","background-type":"","background-media":"","overlay-type":"","overlay-color":"","overlay-opacity":"","overlay-gradient":""},"mobile":{"background-color":"var(--ast-global-color-5)","background-image":"","background-repeat":"repeat","background-position":"center center","background-size":"auto","background-attachment":"scroll","background-type":"","background-media":"","overlay-type":"","overlay-color":"","overlay-opacity":"","overlay-gradient":""}},"footnotes":""},"class_list":["post-1285","page","type-page","status-publish","hentry"],"_links":{"self":[{"href":"https:\/\/calpapiol.com\/fr\/wp-json\/wp\/v2\/pages\/1285","targetHints":{"allow":["GET"]}}],"collection":[{"href":"https:\/\/calpapiol.com\/fr\/wp-json\/wp\/v2\/pages"}],"about":[{"href":"https:\/\/calpapiol.com\/fr\/wp-json\/wp\/v2\/types\/page"}],"author":[{"embeddable":true,"href":"https:\/\/calpapiol.com\/fr\/wp-json\/wp\/v2\/users\/1"}],"replies":[{"embeddable":true,"href":"https:\/\/calpapiol.com\/fr\/wp-json\/wp\/v2\/comments?post=1285"}],"version-history":[{"count":5,"href":"https:\/\/calpapiol.com\/fr\/wp-json\/wp\/v2\/pages\/1285\/revisions"}],"predecessor-version":[{"id":2018,"href":"https:\/\/calpapiol.com\/fr\/wp-json\/wp\/v2\/pages\/1285\/revisions\/2018"}],"wp:attachment":[{"href":"https:\/\/calpapiol.com\/fr\/wp-json\/wp\/v2\/media?parent=1285"}],"curies":[{"name":"wp","href":"https:\/\/api.w.org\/{rel}","templated":true}]}}