{"id":1569,"date":"2024-09-12T07:28:10","date_gmt":"2024-09-12T05:28:10","guid":{"rendered":"https:\/\/calpapiol.com\/?page_id=1569"},"modified":"2024-09-12T07:31:52","modified_gmt":"2024-09-12T05:31:52","slug":"politique-de-confidentialite","status":"publish","type":"page","link":"https:\/\/calpapiol.com\/fr\/politique-de-confidentialite\/","title":{"rendered":"Politique de confidentialit\u00e9"},"content":{"rendered":"<div data-elementor-type=\"wp-page\" data-elementor-id=\"1569\" class=\"elementor elementor-1569\" data-elementor-post-type=\"page\">\n\t\t\t\t<div class=\"elementor-element elementor-element-5112d99 e-flex e-con-boxed e-con e-parent\" data-id=\"5112d99\" data-element_type=\"container\" data-settings=\"{&quot;background_background&quot;:&quot;classic&quot;}\">\n\t\t\t\t\t<div class=\"e-con-inner\">\n\t\t\t\t<div class=\"elementor-element elementor-element-700aaa3 elementor-widget elementor-widget-text-editor\" data-id=\"700aaa3\" data-element_type=\"widget\" data-widget_type=\"text-editor.default\">\n\t\t\t\t<div class=\"elementor-widget-container\">\n\t\t\t\t\t\t\t\t\t<p data-pm-slice=\"1 1 []\">Cette politique de confidentialit\u00e9 constitue, avec les r\u00e8gles de participation et les mentions l\u00e9gales, le cadre juridique qui r\u00e9git l&#039;utilisation du site Internet. <a href=\"https:\/\/calpapiol.com\/fr\" target=\"_blank\" rel=\"noopener noreferrer nofollow\">www.calpapiol.com<\/a>. Cette politique de confidentialit\u00e9 r\u00e9git sp\u00e9cifiquement l&#039;utilisation et le traitement que LA SOCI\u00c9T\u00c9 fait de vos donn\u00e9es personnelles en tant qu&#039;utilisateur du site Web, puisqu&#039;en acc\u00e9dant \u00e0 ce site Web, vous devenez un utilisateur de ce site Web (ci-apr\u00e8s, \u00ab l&#039;Utilisateur \u00bb).<\/p><p>Ce site Web appartient \u00e0\u00a0:<\/p><p><span style=\"font-weight: 400;\">Mart\u00ed Morales Papiol<\/span>, dont le si\u00e8ge social est \u00e0 <span style=\"font-weight: 400;\">Cal Papiol \u2013 La Bleda-08731 Sant Mart\u00ed Sarroca <\/span>et CAF\u00a0: <span style=\"font-weight: 400;\">47842865J<\/span>, ci-apr\u00e8s LA SOCI\u00c9T\u00c9.<\/p><p>Sur le site Web, vous trouverez cette politique de confidentialit\u00e9 disponible en catalan afin que vous puissiez la consulter, l&#039;archiver ou l&#039;imprimer \u00e0 tout moment. Il est possible que cela varie dans le temps en raison de changements dans le site Web, d&#039;\u00e9volutions l\u00e9gislatives ou jurisprudentielles, ou en raison de l&#039;apparition de nouveaux crit\u00e8res de l&#039;Agence espagnole de protection des donn\u00e9es ou de nouvelles r\u00e9glementations europ\u00e9ennes qui nous obligent \u00e0 effectuer des modifications futures. Pour cette raison, LA SOCI\u00c9T\u00c9 se r\u00e9serve le droit de modifier cette politique de confidentialit\u00e9 et vous recommande de la lire attentivement chaque fois que vous acc\u00e9dez au site Internet.<\/p><p><strong>confidentialit\u00e9<\/strong><\/p><p>La SOCI\u00c9T\u00c9 s&#039;engage \u00e0 respecter son obligation de confidentialit\u00e9 des donn\u00e9es personnelles et le devoir de les garder confidentielles, en adoptant les mesures n\u00e9cessaires pour \u00e9viter leur alt\u00e9ration, perte, traitement ou acc\u00e8s non autoris\u00e9, en tenant compte \u00e0 tout moment de l&#039;\u00e9tat de la technologie.<\/p><p><strong>S\u00e9curit\u00e9 des donn\u00e9es<\/strong><\/p><p>La SOCI\u00c9T\u00c9 garantit l&#039;adoption de mesures appropri\u00e9es pour assurer le traitement confidentiel de ces donn\u00e9es. Pour cette raison, elle a mis en \u0153uvre toutes les mesures de s\u00e9curit\u00e9 techniques et organisationnelles n\u00e9cessaires qui garantissent l&#039;int\u00e9grit\u00e9, la confidentialit\u00e9 et la disponibilit\u00e9 des donn\u00e9es personnelles fournies par l&#039;utilisateur, notamment celles stipul\u00e9es dans le RGPD (R\u00e8glement G\u00e9n\u00e9ral sur la Protection des Donn\u00e9es - UE 2016\/ 679, du 27 avril), qui a \u00e9largi le champ d&#039;application de la loi organique 15\/1999 du 13 d\u00e9cembre sur la protection des donn\u00e9es personnelles (LOPD) et de son r\u00e8glement de d\u00e9veloppement RD 1720\/2007.<\/p><p><strong>Protection des donn\u00e9es personnelles<\/strong><\/p><p>Les donn\u00e9es personnelles fournies volontairement seront trait\u00e9es de mani\u00e8re confidentielle, sous la protection et les sp\u00e9cifications contenues dans la r\u00e9glementation en vigueur, et seront collect\u00e9es dans un fichier d\u00fbment enregistr\u00e9 aupr\u00e8s de l&#039;Agence de Protection des Donn\u00e9es, dont la responsabilit\u00e9 est L&#039;ENTREPRISE, et dont la finalit\u00e9 est la gestion des utilisateurs. et les abonn\u00e9s, ainsi que la vente en ligne de produits et la r\u00e9solution des demandes de renseignements.<\/p><p>La base juridique du traitement des donn\u00e9es est le consentement de l&#039;abonn\u00e9. Nous traitons les donn\u00e9es personnelles des abonn\u00e9s \u00e0 la newsletter dans le but exclusif de leur envoyer notre newsletter. Nous traitons les donn\u00e9es personnelles des utilisateurs enregistr\u00e9s et des abonn\u00e9s payants dans le seul but de g\u00e9rer leur association avec L&#039;ENTREPRISE, la perception des frais (le cas \u00e9ch\u00e9ant), l&#039;organisation d&#039;activit\u00e9s et de campagnes et l&#039;envoi de communications informatives et commerciales (\u00e9galement par voie \u00e9lectronique). moyens).<\/p><p>Les donn\u00e9es personnelles ne seront pas c\u00e9d\u00e9es \u00e0 des tiers (sauf obligation l\u00e9gale) et seront conserv\u00e9es pendant une dur\u00e9e de six (6) ans conform\u00e9ment \u00e0 la r\u00e9glementation comptable en vigueur et, le cas \u00e9ch\u00e9ant, pendant dix (10) ans selon la r\u00e9glementation en vigueur. pr\u00e9vention du blanchiment d&#039;argent<\/p><p>L&#039;utilisateur peut acc\u00e9der \u00e0 ses donn\u00e9es personnelles, ainsi que demander la rectification de donn\u00e9es inexactes ou, le cas \u00e9ch\u00e9ant, demander l&#039;annulation ou la suppression lorsque les donn\u00e9es ne sont plus n\u00e9cessaires aux finalit\u00e9s collect\u00e9es. Vous pouvez \u00e9galement demander la limitation, la portabilit\u00e9 et l&#039;opposition du traitement de vos donn\u00e9es, dans certaines circonstances et pour des raisons li\u00e9es \u00e0 votre situation particuli\u00e8re.<\/p><p>Vous pouvez r\u00e9voquer votre consentement \u00e0 l&#039;envoi de communications commerciales et exercer les droits mentionn\u00e9s ci-dessus, en envoyant un e-mail \u00e0 <a href=\"mailto:info@calpapiol.com\" target=\"_blank\" rel=\"noopener noreferrer nofollow\">info@calpapiol.com<\/a> soit en adressant un courrier simple au responsable du dossier situ\u00e9 au si\u00e8ge social de LA SOCI\u00c9T\u00c9, dans les deux cas avec la r\u00e9f\u00e9rence : \u00ab Protection des Donn\u00e9es \u00bb, au moyen d&#039;un courrier sign\u00e9 \u00e0 cet effet et en joignant une copie de votre pi\u00e8ce d&#039;identit\u00e9.<\/p><p><strong>Informations sur les cookies<\/strong><\/p><p>Le site utilise des cookies lors de la navigation de l&#039;utilisateur pour faciliter la personnalisation et le confort de navigation.<\/p><p>Un cookie est une information envoy\u00e9e d&#039;un serveur de page Web \u00e0 un navigateur qui peut \u00eatre renvoy\u00e9e par le navigateur lors des acc\u00e8s ult\u00e9rieurs \u00e0 ce serveur. Les \u00ab cookies \u00bb sont associ\u00e9s \u00e0 l&#039;utilisateur anonyme et \u00e0 son ordinateur et ne fournissent par eux-m\u00eames ni le nom ni le pr\u00e9nom de l&#039;utilisateur.<\/p><p>Les cookies de Google sont utilis\u00e9s sur ce site Web pour afficher des publicit\u00e9s bas\u00e9es sur des visites pr\u00e9c\u00e9dentes sur le site Web ou sur d&#039;autres sites Web qui affichent \u00e9galement des publicit\u00e9s Google. Les utilisateurs peuvent choisir de ne pas accepter le suivi via les cookies publicitaires en acc\u00e9dant \u00e0 : <a href=\"https:\/\/www.google.com\/settings\/ads\" target=\"_blank\" rel=\"noopener noreferrer nofollow\">https:\/\/www.google.com\/settings\/ads<\/a><\/p><p><strong>Types de cookies<\/strong><\/p><p>\u2013 Cookies d\u2019enregistrement : Pour identifier l\u2019utilisateur connect\u00e9.<\/p><p>- Cookies publicitaires : Pour pouvoir proposer du contenu publicitaire li\u00e9 aux int\u00e9r\u00eats de l&#039;utilisateur, soit directement, soit par l&#039;interm\u00e9diaire de tiers appel\u00e9s Adservers.<\/p><p>\u2013 Cookies analytiques : Pour obtenir des informations li\u00e9es \u00e0 la mesure d\u2019audience.<\/p><p>- Cookies de g\u00e9olocalisation : Ils fournissent des informations sur la situation g\u00e9ographique de l&#039;utilisateur.<\/p><p>L&#039;utilisateur a la possibilit\u00e9 de configurer son navigateur pour qu&#039;il soit inform\u00e9 de la r\u00e9ception de \u00ab cookies \u00bb, avec la possibilit\u00e9, s&#039;il le souhaite, d&#039;emp\u00eacher leur installation sur son disque dur. Toutefois, pour acc\u00e9der au site Internet, il n\u2019est pas obligatoire d\u2019installer des cookies.<\/p><p>Selon le type de navigateur utilis\u00e9, l&#039;utilisateur peut d\u00e9sactiver l&#039;utilisation de cookies dans :<\/p><p>\u2013 Chrome : Param\u00e8tres &gt; Param\u00e8tres avanc\u00e9s &gt; Confidentialit\u00e9 et s\u00e9curit\u00e9 &gt; Param\u00e8tres de contenu<\/p><p>\u2013 Firefox : Options &gt; Confidentialit\u00e9 et s\u00e9curit\u00e9<\/p><p>\u2013 Edge : Param\u00e8tres &gt; Param\u00e8tres avanc\u00e9s &gt; Confidentialit\u00e9 et services<\/p><p>\u2013 Safari : Pr\u00e9f\u00e9rences &gt; Confidentialit\u00e9<\/p><p><strong>LSSICE<\/strong><\/p><p>De m\u00eame, nous vous informons que nous n&#039;utilisons pas ces donn\u00e9es pour envoyer des communications commerciales par courrier \u00e9lectronique qui ne sont pas demand\u00e9es ou qui ne sont pas express\u00e9ment et pr\u00e9alablement autoris\u00e9es par l&#039;int\u00e9ress\u00e9, selon ce qui est stipul\u00e9 dans la LSSICE.<\/p><p><strong>communications<\/strong><\/p><p>Pour effectuer toute notification relative au pr\u00e9sent contrat, LA SOCI\u00c9T\u00c9 d\u00e9signe express\u00e9ment comme adresse qui appara\u00eet dans ce texte et l&#039;utilisateur d\u00e9signe express\u00e9ment comme adresse qui appara\u00eet dans le formulaire de candidature. Afin de r\u00e9aliser le recrutement, il s&#039;engage \u00e0 maintenir op\u00e9rationnelle, active et mise \u00e0 jour l&#039;adresse e-mail (e-mail) fournie pour les communications avec L&#039;ENTREPRISE, puisqu&#039;elle constitue le moyen de communication privil\u00e9gi\u00e9 (mais pas l&#039;unique). De mani\u00e8re g\u00e9n\u00e9rale, l&#039;utilisateur s&#039;engage et s&#039;oblige \u00e0 tenir \u00e0 jour en permanence ses donn\u00e9es personnelles et de contact ; et doit communiquer, de mani\u00e8re fiable, tout changement. L&#039;absence de cette communication impliquera que les notifications faites \u00e0 l&#039;adresse indiqu\u00e9e sur le formulaire seront consid\u00e9r\u00e9es comme valides.<\/p><p><strong>Nullit\u00e9 et inefficacit\u00e9 des clauses<\/strong><\/p><p>Si une clause de cette politique de confidentialit\u00e9 ainsi que la politique de confidentialit\u00e9 et la politique de cookies \u00e9taient d\u00e9clar\u00e9es totalement ou partiellement nulles ou inefficaces, cela affecterait uniquement cette disposition ou la partie de celle-ci qui est nulle ou inefficace, subsistant pour tout le reste du reste des dispositions g\u00e9n\u00e9rales. conditions et en consid\u00e9rant cette disposition ou la partie de celle-ci qui est affect\u00e9e comme non mise, sauf que, si elle est essentielle dans les pr\u00e9sentes conditions g\u00e9n\u00e9rales, elle doit les affecter de mani\u00e8re int\u00e9grale.<\/p><p><strong>Loi applicable et juridiction<\/strong><\/p><p>Pour la r\u00e9solution de tous litiges ou questions li\u00e9es \u00e0<\/p><p>ce site Web ou les activit\u00e9s qui s&#039;y d\u00e9roulent, la l\u00e9gislation espagnole s&#039;appliquera dans tous les cas, \u00e0 laquelle les parties se soumettent express\u00e9ment. Le simple fait d&#039;utiliser les services de ce site pr\u00e9suppose l&#039;acceptation expresse de cette acceptation de la juridiction espagnole.<\/p><p>Aussi, et \u00e0 l&#039;exception de ce qui est exprim\u00e9 dans le paragraphe suivant, les parties concern\u00e9es conviennent que tout litige, divergence, question ou r\u00e9clamation r\u00e9sultant de l&#039;ex\u00e9cution ou de l&#039;interpr\u00e9tation des pr\u00e9sentes conditions ou des textes connexes, ou autres pouvant exister sur le site, sera d\u00e9finitivement r\u00e9solu par soumission aux Cours et Tribunaux de Barcelone avec renonciation expresse \u00e0 tout autre tribunal ou d\u00e9marcation juridictionnelle qui pourrait \u00eatre comp\u00e9tent.<\/p><p>Le paragraphe pr\u00e9c\u00e9dent ne s&#039;applique pas dans le cas o\u00f9 l&#039;une des parties est un consommateur ou un utilisateur selon la d\u00e9finition de la r\u00e9glementation pour la protection des consommateurs et des utilisateurs (D\u00e9cret l\u00e9gislatif royal 1\/2007, du 16 novembre, qui approuve le texte r\u00e9vis\u00e9 de la Loi G\u00e9n\u00e9rale pour la D\u00e9fense des Consommateurs et Utilisateurs et autres lois compl\u00e9mentaires), dans ce cas, (et pour un conflit li\u00e9 et prot\u00e9g\u00e9 par la Loi) le lieu d\u00e9sign\u00e9 dans cette l\u00e9gislation s&#039;appliquera de pr\u00e9f\u00e9rence.<\/p>\t\t\t\t\t\t\t\t<\/div>\n\t\t\t\t<\/div>\n\t\t\t\t\t<\/div>\n\t\t\t\t<\/div>\n\t\t\t\t<\/div>","protected":false},"excerpt":{"rendered":"<p>Cette politique de confidentialit\u00e9 constitue, avec les r\u00e8gles de participation et les mentions l\u00e9gales, le cadre juridique qui r\u00e9git l&#039;utilisation du site www.calpapiol.com. Cette politique de confidentialit\u00e9 r\u00e9git sp\u00e9cifiquement l&#039;utilisation et le traitement que LA SOCI\u00c9T\u00c9 fait de ses donn\u00e9es personnelles en tant qu&#039;utilisateur du site Web, car en acc\u00e9dant [...]<\/p>","protected":false},"author":1,"featured_media":0,"parent":0,"menu_order":0,"comment_status":"closed","ping_status":"closed","template":"","meta":{"site-sidebar-layout":"no-sidebar","site-content-layout":"page-builder","ast-site-content-layout":"full-width-container","site-content-style":"default","site-sidebar-style":"default","ast-global-header-display":"","ast-banner-title-visibility":"","ast-main-header-display":"","ast-hfb-above-header-display":"","ast-hfb-below-header-display":"","ast-hfb-mobile-header-display":"","site-post-title":"disabled","ast-breadcrumbs-content":"","ast-featured-img":"disabled","footer-sml-layout":"","theme-transparent-header-meta":"","adv-header-id-meta":"","stick-header-meta":"","header-above-stick-meta":"","header-main-stick-meta":"","header-below-stick-meta":"","astra-migrate-meta-layouts":"set","ast-page-background-enabled":"default","ast-page-background-meta":{"desktop":{"background-color":"","background-image":"","background-repeat":"repeat","background-position":"center center","background-size":"auto","background-attachment":"scroll","background-type":"","background-media":"","overlay-type":"","overlay-color":"","overlay-opacity":"","overlay-gradient":""},"tablet":{"background-color":"","background-image":"","background-repeat":"repeat","background-position":"center center","background-size":"auto","background-attachment":"scroll","background-type":"","background-media":"","overlay-type":"","overlay-color":"","overlay-opacity":"","overlay-gradient":""},"mobile":{"background-color":"","background-image":"","background-repeat":"repeat","background-position":"center center","background-size":"auto","background-attachment":"scroll","background-type":"","background-media":"","overlay-type":"","overlay-color":"","overlay-opacity":"","overlay-gradient":""}},"ast-content-background-meta":{"desktop":{"background-color":"var(--ast-global-color-5)","background-image":"","background-repeat":"repeat","background-position":"center center","background-size":"auto","background-attachment":"scroll","background-type":"","background-media":"","overlay-type":"","overlay-color":"","overlay-opacity":"","overlay-gradient":""},"tablet":{"background-color":"var(--ast-global-color-5)","background-image":"","background-repeat":"repeat","background-position":"center center","background-size":"auto","background-attachment":"scroll","background-type":"","background-media":"","overlay-type":"","overlay-color":"","overlay-opacity":"","overlay-gradient":""},"mobile":{"background-color":"var(--ast-global-color-5)","background-image":"","background-repeat":"repeat","background-position":"center center","background-size":"auto","background-attachment":"scroll","background-type":"","background-media":"","overlay-type":"","overlay-color":"","overlay-opacity":"","overlay-gradient":""}},"footnotes":""},"class_list":["post-1569","page","type-page","status-publish","hentry"],"_links":{"self":[{"href":"https:\/\/calpapiol.com\/fr\/wp-json\/wp\/v2\/pages\/1569","targetHints":{"allow":["GET"]}}],"collection":[{"href":"https:\/\/calpapiol.com\/fr\/wp-json\/wp\/v2\/pages"}],"about":[{"href":"https:\/\/calpapiol.com\/fr\/wp-json\/wp\/v2\/types\/page"}],"author":[{"embeddable":true,"href":"https:\/\/calpapiol.com\/fr\/wp-json\/wp\/v2\/users\/1"}],"replies":[{"embeddable":true,"href":"https:\/\/calpapiol.com\/fr\/wp-json\/wp\/v2\/comments?post=1569"}],"version-history":[{"count":5,"href":"https:\/\/calpapiol.com\/fr\/wp-json\/wp\/v2\/pages\/1569\/revisions"}],"predecessor-version":[{"id":1576,"href":"https:\/\/calpapiol.com\/fr\/wp-json\/wp\/v2\/pages\/1569\/revisions\/1576"}],"wp:attachment":[{"href":"https:\/\/calpapiol.com\/fr\/wp-json\/wp\/v2\/media?parent=1569"}],"curies":[{"name":"wp","href":"https:\/\/api.w.org\/{rel}","templated":true}]}}